{"id":2172,"date":"2026-04-25T19:23:59","date_gmt":"2026-04-25T17:23:59","guid":{"rendered":"https:\/\/reitundfahrvereinzauberwald.de\/?page_id=2172"},"modified":"2026-04-25T19:27:19","modified_gmt":"2026-04-25T17:27:19","slug":"fahrturnierbericht-2025","status":"publish","type":"page","link":"https:\/\/reitundfahrvereinzauberwald.de\/?page_id=2172","title":{"rendered":"Fahrturniere 2025"},"content":{"rendered":"\n<p>Der Reit-und Fahrverein Zauberwald e.V. blickt auf ein spannendes und erfolgreiches Turnierjahr zur\u00fcck.<\/p>\n\n\n\n<p class=\"has-text-align-left\">Unsere Mitglieder waren bei 24 Turnieren in den Bereichen WBO bis S erfolgreich vertreten, einschlie\u00dflich Landesjugendmeisterschaften, Landesmeisterschaft bis hin zur Deutschen Meisterschaft.<\/p>\n\n\n\n<p>11 Fahrer erzielten bei 208 Starts 112 Erfolge und erhielten damit in allen Anspannungsarten Platzierungen.&nbsp;<\/p>\n\n\n\n<div class=\"wp-block-columns\">\n<div class=\"wp-block-column\" style=\"flex-basis:100%\">\n<div class=\"wp-block-group\"><div class=\"wp-block-group__inner-container\">\n<div class=\"wp-block-group\"><div class=\"wp-block-group__inner-container\"><\/div><\/div>\n<\/div><\/div>\n<\/div>\n<\/div>\n\n\n\n<div class=\"wp-block-media-text alignwide is-stacked-on-mobile\"><figure class=\"wp-block-media-text__media\"><img loading=\"lazy\" width=\"1024\" height=\"629\" src=\"https:\/\/reitundfahrvereinzauberwald.de\/wp-content\/uploads\/2026\/04\/anika-richtig-1024x629.jpg\" alt=\"\" class=\"wp-image-2227 size-full\" srcset=\"https:\/\/reitundfahrvereinzauberwald.de\/wp-content\/uploads\/2026\/04\/anika-richtig-1024x629.jpg 1024w, https:\/\/reitundfahrvereinzauberwald.de\/wp-content\/uploads\/2026\/04\/anika-richtig-300x184.jpg 300w, https:\/\/reitundfahrvereinzauberwald.de\/wp-content\/uploads\/2026\/04\/anika-richtig-768x472.jpg 768w, https:\/\/reitundfahrvereinzauberwald.de\/wp-content\/uploads\/2026\/04\/anika-richtig-1536x944.jpg 1536w, https:\/\/reitundfahrvereinzauberwald.de\/wp-content\/uploads\/2026\/04\/anika-richtig-2048x1259.jpg 2048w, https:\/\/reitundfahrvereinzauberwald.de\/wp-content\/uploads\/2026\/04\/anika-richtig-1200x738.jpg 1200w, https:\/\/reitundfahrvereinzauberwald.de\/wp-content\/uploads\/2026\/04\/anika-richtig-1980x1217.jpg 1980w\" sizes=\"(max-width: 1024px) 100vw, 1024px\" \/><\/figure><div class=\"wp-block-media-text__content\">\n<p class=\"has-normal-font-size\">Annika Dierks war mit Momo im Bereich Pferde 1sp sehr best\u00e4ndig und erfolgreich in Klasse A unterwegs und konnte sich in 3\/4 der gefahrenen Pr\u00fcfungen platzieren.<\/p>\n<\/div><\/div>\n\n\n\n<p><\/p>\n\n\n\n<div class=\"wp-block-media-text alignwide has-media-on-the-right is-stacked-on-mobile\"><figure class=\"wp-block-media-text__media\"><img loading=\"lazy\" width=\"1024\" height=\"768\" src=\"https:\/\/reitundfahrvereinzauberwald.de\/wp-content\/uploads\/2026\/04\/IMG-20260117-WA0008-1-1024x768.jpg\" alt=\"\" class=\"wp-image-2199 size-full\" srcset=\"https:\/\/reitundfahrvereinzauberwald.de\/wp-content\/uploads\/2026\/04\/IMG-20260117-WA0008-1-1024x768.jpg 1024w, https:\/\/reitundfahrvereinzauberwald.de\/wp-content\/uploads\/2026\/04\/IMG-20260117-WA0008-1-300x225.jpg 300w, https:\/\/reitundfahrvereinzauberwald.de\/wp-content\/uploads\/2026\/04\/IMG-20260117-WA0008-1-768x576.jpg 768w, https:\/\/reitundfahrvereinzauberwald.de\/wp-content\/uploads\/2026\/04\/IMG-20260117-WA0008-1-1536x1152.jpg 1536w, https:\/\/reitundfahrvereinzauberwald.de\/wp-content\/uploads\/2026\/04\/IMG-20260117-WA0008-1-1200x900.jpg 1200w, https:\/\/reitundfahrvereinzauberwald.de\/wp-content\/uploads\/2026\/04\/IMG-20260117-WA0008-1.jpg 1600w\" sizes=\"(max-width: 1024px) 100vw, 1024px\" \/><\/figure><div class=\"wp-block-media-text__content\">\n<p class=\"has-normal-font-size\">Malte Dierks ist in diesem Jahr \u00fcberwiegend 1 sp mit seinem Pony Felix am Start gewesen und konnte sich mehrfach sowohl in A als auch in M Schleifen holen.<\/p>\n<\/div><\/div>\n\n\n\n<p><\/p>\n\n\n\n<div class=\"wp-block-media-text alignwide is-stacked-on-mobile\"><figure class=\"wp-block-media-text__media\"><img loading=\"lazy\" width=\"1024\" height=\"504\" src=\"https:\/\/reitundfahrvereinzauberwald.de\/wp-content\/uploads\/2026\/04\/IMG-20260113-WA0001-1-1024x504.jpg\" alt=\"\" class=\"wp-image-2184 size-medium\" srcset=\"https:\/\/reitundfahrvereinzauberwald.de\/wp-content\/uploads\/2026\/04\/IMG-20260113-WA0001-1-1024x504.jpg 1024w, https:\/\/reitundfahrvereinzauberwald.de\/wp-content\/uploads\/2026\/04\/IMG-20260113-WA0001-1-300x148.jpg 300w, https:\/\/reitundfahrvereinzauberwald.de\/wp-content\/uploads\/2026\/04\/IMG-20260113-WA0001-1-768x378.jpg 768w, https:\/\/reitundfahrvereinzauberwald.de\/wp-content\/uploads\/2026\/04\/IMG-20260113-WA0001-1-1200x591.jpg 1200w, https:\/\/reitundfahrvereinzauberwald.de\/wp-content\/uploads\/2026\/04\/IMG-20260113-WA0001-1.jpg 1498w\" sizes=\"(max-width: 1024px) 100vw, 1024px\" \/><\/figure><div class=\"wp-block-media-text__content\">\n<p class=\"has-normal-font-size\">Dirk Hoffmann startete Ponys 2sp mit Max und Princi bei mehreren Turnieren in A und M und hat sich in mehr als der H\u00e4lfte der Pr\u00fcfungen platziert.<\/p>\n<\/div><\/div>\n\n\n\n<p><\/p>\n\n\n\n<div class=\"wp-block-media-text alignwide has-media-on-the-right is-stacked-on-mobile\"><figure class=\"wp-block-media-text__media\"><img loading=\"lazy\" width=\"1024\" height=\"682\" src=\"https:\/\/reitundfahrvereinzauberwald.de\/wp-content\/uploads\/2026\/04\/IMG-20260419-WA0010-1024x682.jpg\" alt=\"\" class=\"wp-image-2186 size-full\" srcset=\"https:\/\/reitundfahrvereinzauberwald.de\/wp-content\/uploads\/2026\/04\/IMG-20260419-WA0010-1024x682.jpg 1024w, https:\/\/reitundfahrvereinzauberwald.de\/wp-content\/uploads\/2026\/04\/IMG-20260419-WA0010-300x200.jpg 300w, https:\/\/reitundfahrvereinzauberwald.de\/wp-content\/uploads\/2026\/04\/IMG-20260419-WA0010-768x512.jpg 768w, https:\/\/reitundfahrvereinzauberwald.de\/wp-content\/uploads\/2026\/04\/IMG-20260419-WA0010-1536x1023.jpg 1536w, https:\/\/reitundfahrvereinzauberwald.de\/wp-content\/uploads\/2026\/04\/IMG-20260419-WA0010-1200x800.jpg 1200w, https:\/\/reitundfahrvereinzauberwald.de\/wp-content\/uploads\/2026\/04\/IMG-20260419-WA0010.jpg 1600w\" sizes=\"(max-width: 1024px) 100vw, 1024px\" \/><\/figure><div class=\"wp-block-media-text__content\">\n<p class=\"has-normal-font-size\">Birgit Bornh\u00f6vd, die mit ihrem Pony Mango mehrmals in A und M startete, konnte sich ebenfalls \u00fcber erfolgreiche Turnierteilnahmen freuen. &nbsp;<\/p>\n<\/div><\/div>\n\n\n\n<p><\/p>\n\n\n\n<div class=\"wp-block-media-text alignwide is-stacked-on-mobile\"><figure class=\"wp-block-media-text__media\"><img loading=\"lazy\" width=\"1024\" height=\"731\" src=\"https:\/\/reitundfahrvereinzauberwald.de\/wp-content\/uploads\/2026\/04\/Anika3-1024x731.jpg\" alt=\"\" class=\"wp-image-2225 size-full\" srcset=\"https:\/\/reitundfahrvereinzauberwald.de\/wp-content\/uploads\/2026\/04\/Anika3-1024x731.jpg 1024w, https:\/\/reitundfahrvereinzauberwald.de\/wp-content\/uploads\/2026\/04\/Anika3-300x214.jpg 300w, https:\/\/reitundfahrvereinzauberwald.de\/wp-content\/uploads\/2026\/04\/Anika3-768x548.jpg 768w, https:\/\/reitundfahrvereinzauberwald.de\/wp-content\/uploads\/2026\/04\/Anika3-1536x1097.jpg 1536w, https:\/\/reitundfahrvereinzauberwald.de\/wp-content\/uploads\/2026\/04\/Anika3-2048x1462.jpg 2048w, https:\/\/reitundfahrvereinzauberwald.de\/wp-content\/uploads\/2026\/04\/Anika3-1200x857.jpg 1200w, https:\/\/reitundfahrvereinzauberwald.de\/wp-content\/uploads\/2026\/04\/Anika3-1980x1414.jpg 1980w\" sizes=\"(max-width: 1024px) 100vw, 1024px\" \/><\/figure><div class=\"wp-block-media-text__content\">\n<p class=\"has-normal-font-size\">Auch Vivien Geier vertritt den Verein erfolgreich bei den Pony 1sp auf A -Niveau und konnte sich mit Merlin und Milky bei jedem Turnier platzieren.<\/p>\n<\/div><\/div>\n\n\n\n<p><\/p>\n\n\n\n<div class=\"wp-block-media-text alignwide has-media-on-the-right is-stacked-on-mobile\"><figure class=\"wp-block-media-text__media\"><img loading=\"lazy\" width=\"1024\" height=\"579\" src=\"https:\/\/reitundfahrvereinzauberwald.de\/wp-content\/uploads\/2026\/04\/anila2-Mail-1024x579.jpg\" alt=\"\" class=\"wp-image-2224 size-full\" srcset=\"https:\/\/reitundfahrvereinzauberwald.de\/wp-content\/uploads\/2026\/04\/anila2-Mail-1024x579.jpg 1024w, https:\/\/reitundfahrvereinzauberwald.de\/wp-content\/uploads\/2026\/04\/anila2-Mail-300x170.jpg 300w, https:\/\/reitundfahrvereinzauberwald.de\/wp-content\/uploads\/2026\/04\/anila2-Mail-768x434.jpg 768w, https:\/\/reitundfahrvereinzauberwald.de\/wp-content\/uploads\/2026\/04\/anila2-Mail-1536x868.jpg 1536w, https:\/\/reitundfahrvereinzauberwald.de\/wp-content\/uploads\/2026\/04\/anila2-Mail-2048x1158.jpg 2048w, https:\/\/reitundfahrvereinzauberwald.de\/wp-content\/uploads\/2026\/04\/anila2-Mail-1200x678.jpg 1200w, https:\/\/reitundfahrvereinzauberwald.de\/wp-content\/uploads\/2026\/04\/anila2-Mail-1980x1119.jpg 1980w\" sizes=\"(max-width: 1024px) 100vw, 1024px\" \/><\/figure><div class=\"wp-block-media-text__content\">\n<p class=\"has-normal-font-size\">Tanja Behrens hatte ihr Deb\u00fct im WBO in Kuhstedt und holte sich dabei eine Platzierung im Kegelfahren.<\/p>\n<\/div><\/div>\n\n\n\n<p><\/p>\n\n\n\n<div class=\"wp-block-media-text alignwide is-stacked-on-mobile\"><figure class=\"wp-block-media-text__media\"><img loading=\"lazy\" width=\"1024\" height=\"785\" src=\"https:\/\/reitundfahrvereinzauberwald.de\/wp-content\/uploads\/2026\/04\/IMG-20260222-WA0002-1-1024x785.jpg\" alt=\"\" class=\"wp-image-2198 size-full\" srcset=\"https:\/\/reitundfahrvereinzauberwald.de\/wp-content\/uploads\/2026\/04\/IMG-20260222-WA0002-1-1024x785.jpg 1024w, https:\/\/reitundfahrvereinzauberwald.de\/wp-content\/uploads\/2026\/04\/IMG-20260222-WA0002-1-300x230.jpg 300w, https:\/\/reitundfahrvereinzauberwald.de\/wp-content\/uploads\/2026\/04\/IMG-20260222-WA0002-1-768x589.jpg 768w, https:\/\/reitundfahrvereinzauberwald.de\/wp-content\/uploads\/2026\/04\/IMG-20260222-WA0002-1-1536x1177.jpg 1536w, https:\/\/reitundfahrvereinzauberwald.de\/wp-content\/uploads\/2026\/04\/IMG-20260222-WA0002-1-1200x920.jpg 1200w, https:\/\/reitundfahrvereinzauberwald.de\/wp-content\/uploads\/2026\/04\/IMG-20260222-WA0002-1.jpg 1652w\" sizes=\"(max-width: 1024px) 100vw, 1024px\" \/><\/figure><div class=\"wp-block-media-text__content\">\n<p class=\"has-normal-font-size\">Meike Lustig (unsere j\u00fcngste Turnierfahrerin) war bei mehreren A-Turnieren erfolgreich und konnte sich bei den Landesjugendmeisterschaften U18 in Engelschoff mit dem Schimmelpony Cookie den 2. Platz erfahren.<\/p>\n<\/div><\/div>\n\n\n\n<p><\/p>\n\n\n\n<div class=\"wp-block-media-text alignwide has-media-on-the-right is-stacked-on-mobile\" style=\"grid-template-columns:auto 36%\"><figure class=\"wp-block-media-text__media\"><img loading=\"lazy\" width=\"1530\" height=\"2040\" src=\"https:\/\/reitundfahrvereinzauberwald.de\/wp-content\/uploads\/2026\/04\/IMG-20260420-WA0000.jpg\" alt=\"\" class=\"wp-image-2190 size-full\" srcset=\"https:\/\/reitundfahrvereinzauberwald.de\/wp-content\/uploads\/2026\/04\/IMG-20260420-WA0000.jpg 1530w, https:\/\/reitundfahrvereinzauberwald.de\/wp-content\/uploads\/2026\/04\/IMG-20260420-WA0000-225x300.jpg 225w, https:\/\/reitundfahrvereinzauberwald.de\/wp-content\/uploads\/2026\/04\/IMG-20260420-WA0000-768x1024.jpg 768w, https:\/\/reitundfahrvereinzauberwald.de\/wp-content\/uploads\/2026\/04\/IMG-20260420-WA0000-1152x1536.jpg 1152w, https:\/\/reitundfahrvereinzauberwald.de\/wp-content\/uploads\/2026\/04\/IMG-20260420-WA0000-1200x1600.jpg 1200w\" sizes=\"(max-width: 1530px) 100vw, 1530px\" \/><\/figure><div class=\"wp-block-media-text__content\">\n<p>Sarah Zwirner startete in diesem Jahr neben A erstmals auch in M und war bei jedem Turnier platziert.&nbsp;<\/p>\n\n\n\n<p class=\"has-normal-font-size\">In Springe-Alvesrode gewann sie mit Willi die Jugendmeisterschaften U25, Pferde 1sp, die in M ausgefahren wurde.<\/p>\n<\/div><\/div>\n\n\n\n<p><\/p>\n\n\n\n<div class=\"wp-block-media-text alignwide is-stacked-on-mobile\"><figure class=\"wp-block-media-text__media\"><img loading=\"lazy\" width=\"1024\" height=\"598\" src=\"https:\/\/reitundfahrvereinzauberwald.de\/wp-content\/uploads\/2026\/04\/Screenshot_20260109_141330_Video-Player-1-1024x598.jpg\" alt=\"\" class=\"wp-image-2192 size-full\" srcset=\"https:\/\/reitundfahrvereinzauberwald.de\/wp-content\/uploads\/2026\/04\/Screenshot_20260109_141330_Video-Player-1-1024x598.jpg 1024w, https:\/\/reitundfahrvereinzauberwald.de\/wp-content\/uploads\/2026\/04\/Screenshot_20260109_141330_Video-Player-1-300x175.jpg 300w, https:\/\/reitundfahrvereinzauberwald.de\/wp-content\/uploads\/2026\/04\/Screenshot_20260109_141330_Video-Player-1-768x448.jpg 768w, https:\/\/reitundfahrvereinzauberwald.de\/wp-content\/uploads\/2026\/04\/Screenshot_20260109_141330_Video-Player-1-1536x897.jpg 1536w, https:\/\/reitundfahrvereinzauberwald.de\/wp-content\/uploads\/2026\/04\/Screenshot_20260109_141330_Video-Player-1-1200x701.jpg 1200w, https:\/\/reitundfahrvereinzauberwald.de\/wp-content\/uploads\/2026\/04\/Screenshot_20260109_141330_Video-Player-1.jpg 1850w\" sizes=\"(max-width: 1024px) 100vw, 1024px\" \/><\/figure><div class=\"wp-block-media-text__content\">\n<p class=\"has-normal-font-size\">Gerhard Zwirner (unser Routinier) konnte sich mit seinem Hannoveraner-Gespann Dundee und Willi mehrfach bei allen&nbsp; gefahrenen Turnieren platzieren und bei den Landesmeisterschaften in Wohlesbostel den 2. Platz sichern.<\/p>\n<\/div><\/div>\n\n\n\n<p><\/p>\n\n\n\n<div class=\"wp-block-media-text alignwide is-stacked-on-mobile\"><figure class=\"wp-block-media-text__media\"><img loading=\"lazy\" width=\"1024\" height=\"682\" src=\"https:\/\/reitundfahrvereinzauberwald.de\/wp-content\/uploads\/2026\/04\/IMG-20260419-WA0008-1-1024x682.jpg\" alt=\"\" class=\"wp-image-2195 size-full\" srcset=\"https:\/\/reitundfahrvereinzauberwald.de\/wp-content\/uploads\/2026\/04\/IMG-20260419-WA0008-1-1024x682.jpg 1024w, https:\/\/reitundfahrvereinzauberwald.de\/wp-content\/uploads\/2026\/04\/IMG-20260419-WA0008-1-300x200.jpg 300w, https:\/\/reitundfahrvereinzauberwald.de\/wp-content\/uploads\/2026\/04\/IMG-20260419-WA0008-1-768x512.jpg 768w, https:\/\/reitundfahrvereinzauberwald.de\/wp-content\/uploads\/2026\/04\/IMG-20260419-WA0008-1-1536x1023.jpg 1536w, https:\/\/reitundfahrvereinzauberwald.de\/wp-content\/uploads\/2026\/04\/IMG-20260419-WA0008-1-1200x800.jpg 1200w, https:\/\/reitundfahrvereinzauberwald.de\/wp-content\/uploads\/2026\/04\/IMG-20260419-WA0008-1.jpg 1600w\" sizes=\"(max-width: 1024px) 100vw, 1024px\" \/><\/figure><div class=\"wp-block-media-text__content\">\n<p>Paul Sch\u00e4l ist nach wenigen Jahren mit seinen beiden Ponys Quasi und Nico auf S Niveau angekommen und vertritt unseren Verein erfolgreich auch bei FEI Turnieren.&nbsp;<\/p>\n\n\n\n<p class=\"has-normal-font-size\">Bei 27 Starts Ponys 2sp konnte er sich 17 mal platzieren und erreichte bei den Deutschen Meisterschaften im baden-w\u00fcrttembergischen Lauchheim einen hervorragenden 7. Platz.<\/p>\n<\/div><\/div>\n\n\n\n<p><\/p>\n\n\n\n<div class=\"wp-block-media-text alignwide has-media-on-the-right is-stacked-on-mobile\"><figure class=\"wp-block-media-text__media\"><img loading=\"lazy\" width=\"1024\" height=\"683\" src=\"https:\/\/reitundfahrvereinzauberwald.de\/wp-content\/uploads\/2026\/04\/IMG-20251229-WA0012-1024x683.jpg\" alt=\"\" class=\"wp-image-2196 size-full\" srcset=\"https:\/\/reitundfahrvereinzauberwald.de\/wp-content\/uploads\/2026\/04\/IMG-20251229-WA0012-1024x683.jpg 1024w, https:\/\/reitundfahrvereinzauberwald.de\/wp-content\/uploads\/2026\/04\/IMG-20251229-WA0012-300x200.jpg 300w, https:\/\/reitundfahrvereinzauberwald.de\/wp-content\/uploads\/2026\/04\/IMG-20251229-WA0012-768x512.jpg 768w, https:\/\/reitundfahrvereinzauberwald.de\/wp-content\/uploads\/2026\/04\/IMG-20251229-WA0012-1536x1025.jpg 1536w, https:\/\/reitundfahrvereinzauberwald.de\/wp-content\/uploads\/2026\/04\/IMG-20251229-WA0012-1200x800.jpg 1200w, https:\/\/reitundfahrvereinzauberwald.de\/wp-content\/uploads\/2026\/04\/IMG-20251229-WA0012-1980x1321.jpg 1980w, https:\/\/reitundfahrvereinzauberwald.de\/wp-content\/uploads\/2026\/04\/IMG-20251229-WA0012.jpg 2048w\" sizes=\"(max-width: 1024px) 100vw, 1024px\" \/><\/figure><div class=\"wp-block-media-text__content\">\n<p>Theresa Borowski ist bei 62 Pr\u00fcfungen Pony 1sp an den Start gegangen und konnte damit 31 Platzierungen erreichen. Dabei konnte sie sich mit ihrem Pony Dusty souver\u00e4n von A nach M steigern und mit ihrem Pony Olli neben M die ersten Starts in S meistern.&nbsp;<\/p>\n\n\n\n<p class=\"has-normal-font-size\">Neben dem Gespannfahren ist Theresa mit Olli auch bei den Dressurreitern auf L Niveau sehr erfolgreich unterwegs.<\/p>\n<\/div><\/div>\n\n\n\n<p><\/p>\n\n\n\n<p class=\"has-text-align-left has-normal-font-size\">Vielen Dank an euch und eure Beifahrer\/innen f\u00fcr euer Engagement im Turniersport und herzlichste Gl\u00fcckw\u00fcnsche f\u00fcr die kleinen und gro\u00dfen Erfolge!<\/p>\n","protected":false},"excerpt":{"rendered":"<p>Der Reit-und Fahrverein Zauberwald e.V. blickt auf ein spannendes und erfolgreiches Turnierjahr zur\u00fcck. Unsere Mitglieder waren bei 24 Turnieren in den Bereichen WBO bis S erfolgreich vertreten, einschlie\u00dflich Landesjugendmeisterschaften, Landesmeisterschaft bis hin zur Deutschen Meisterschaft. 11 Fahrer erzielten bei 208 Starts 112 Erfolge und erhielten damit in allen Anspannungsarten Platzierungen.&nbsp; Annika Dierks war mit Momo [&hellip;]<\/p>\n","protected":false},"author":9,"featured_media":0,"parent":0,"menu_order":0,"comment_status":"closed","ping_status":"closed","template":"","meta":[],"_links":{"self":[{"href":"https:\/\/reitundfahrvereinzauberwald.de\/index.php?rest_route=\/wp\/v2\/pages\/2172"}],"collection":[{"href":"https:\/\/reitundfahrvereinzauberwald.de\/index.php?rest_route=\/wp\/v2\/pages"}],"about":[{"href":"https:\/\/reitundfahrvereinzauberwald.de\/index.php?rest_route=\/wp\/v2\/types\/page"}],"author":[{"embeddable":true,"href":"https:\/\/reitundfahrvereinzauberwald.de\/index.php?rest_route=\/wp\/v2\/users\/9"}],"replies":[{"embeddable":true,"href":"https:\/\/reitundfahrvereinzauberwald.de\/index.php?rest_route=%2Fwp%2Fv2%2Fcomments&post=2172"}],"version-history":[{"count":8,"href":"https:\/\/reitundfahrvereinzauberwald.de\/index.php?rest_route=\/wp\/v2\/pages\/2172\/revisions"}],"predecessor-version":[{"id":2231,"href":"https:\/\/reitundfahrvereinzauberwald.de\/index.php?rest_route=\/wp\/v2\/pages\/2172\/revisions\/2231"}],"wp:attachment":[{"href":"https:\/\/reitundfahrvereinzauberwald.de\/index.php?rest_route=%2Fwp%2Fv2%2Fmedia&parent=2172"}],"curies":[{"name":"wp","href":"https:\/\/api.w.org\/{rel}","templated":true}]}}