{"id":830,"date":"2021-09-07T09:00:34","date_gmt":"2021-09-07T07:00:34","guid":{"rendered":"http:\/\/reitundfahrvereinzauberwald.de\/?page_id=830"},"modified":"2026-04-18T11:50:34","modified_gmt":"2026-04-18T09:50:34","slug":"jugendabteilung","status":"publish","type":"page","link":"https:\/\/reitundfahrvereinzauberwald.de\/?page_id=830","title":{"rendered":"Kinder &#038; Jugend"},"content":{"rendered":"<ul class=\"wp-block-latest-posts__list aligncenter wp-block-latest-posts\"><li><a href=\"https:\/\/reitundfahrvereinzauberwald.de\/?p=2024\">Halloween-Ausfahrt und Kinder-Weihnachtsfeier zum Abschluss des Jahres 2025<\/a><div class=\"wp-block-latest-posts__post-excerpt\">Den Abschluss des Jahres bildete die Halloween-Ausfahrt am 31.10.25 und die Kinder-Weihnachtsfeier des Reit- und Fahrvereins Zauberwald am 22. Dezember 2025. Passend zum Gruselfest kamen einige FahrerInnen des Vereins am Hof Zwirner verkleidet zusammen und starteten eine gro\u00dfe Runde durch den Etelser Wald, nachdem auch die Pferde schaurig gruselig verkleidet wurden. Bei der Kinderweihnachtsfeier wurde [&hellip;]<\/div><\/li>\n<li><a href=\"https:\/\/reitundfahrvereinzauberwald.de\/?p=2009\">Weitere Ferienspa\u00dfaktionen im Vereinssommer 2025<\/a><div class=\"wp-block-latest-posts__post-excerpt\">In den Sommerferien nahm der Reit- und Fahrverein Zauberwald an der Ferienspa\u00df-Aktion der Gemeinde Langwedel teil. An dieser Aktion beteiligten sich 18 Kinder aus der Gemeinde Langwedel. Das Programm bestand aus gef\u00fchrtem Reiten, verschiedenen Spielangeboten, einer Kutschfahrt sowie einem gemeinschaftlichen Grillen. Die Aktion f\u00f6rderte den Austausch zwischen Verein und Gemeinde und sorgte f\u00fcr viele fr\u00f6hliche [&hellip;]<\/div><\/li>\n<li><a href=\"https:\/\/reitundfahrvereinzauberwald.de\/?p=1994\">Fahrkurse f\u00fcr kleine KutscherInnen<\/a><div class=\"wp-block-latest-posts__post-excerpt\">Im weiteren Verlauf des Jahres wurden zwei Fahrkurse f\u00fcr Kinder angeboten. Zun\u00e4chst wurde den Kindern die Theorie der Kutschfahrt in kindgerechter und leicht verst\u00e4ndlicher Sprache vermittelt. Anschlie\u00dfend folgte der praktische Teil, bei dem die Kinder gemeinsam mit unseren Minishettys und Gro\u00dfpferden erste Erfahrungen im Fahren sammeln konnten. Die praktischen Fahrkurse fanden einmal im Juni und [&hellip;]<\/div><\/li>\n<li><a href=\"https:\/\/reitundfahrvereinzauberwald.de\/?p=1967\">Schnupperfahrkurs f\u00fcr Kinder und eine Nacht im Stall wie Bibi &#038; Tina<\/a><div class=\"wp-block-latest-posts__post-excerpt\">Im Verein stehen einige sch\u00f6ne Termine f\u00fcr die Kinder und Jugendlichen aus dem Zauberwald an. So soll am 11.07.25 von 14:30-18:30 Uhr ein Schnupperfahrkurs mit unseren erfahrenen Shettys stattfinden. Vorab geben wir kurzen Theorieunterricht zum Ponykutschefahren in kinderleichter Sprache. Diese Aktivit\u00e4t ist f\u00fcr Kinder der Altersgruppe: 6-10 Jahre Ihr habt am 11 07.25 schon etwas [&hellip;]<\/div><\/li>\n<\/ul>\n\n\n<p><\/p>\n","protected":false},"excerpt":{"rendered":"","protected":false},"author":7,"featured_media":0,"parent":0,"menu_order":0,"comment_status":"closed","ping_status":"closed","template":"","meta":[],"_links":{"self":[{"href":"https:\/\/reitundfahrvereinzauberwald.de\/index.php?rest_route=\/wp\/v2\/pages\/830"}],"collection":[{"href":"https:\/\/reitundfahrvereinzauberwald.de\/index.php?rest_route=\/wp\/v2\/pages"}],"about":[{"href":"https:\/\/reitundfahrvereinzauberwald.de\/index.php?rest_route=\/wp\/v2\/types\/page"}],"author":[{"embeddable":true,"href":"https:\/\/reitundfahrvereinzauberwald.de\/index.php?rest_route=\/wp\/v2\/users\/7"}],"replies":[{"embeddable":true,"href":"https:\/\/reitundfahrvereinzauberwald.de\/index.php?rest_route=%2Fwp%2Fv2%2Fcomments&post=830"}],"version-history":[{"count":16,"href":"https:\/\/reitundfahrvereinzauberwald.de\/index.php?rest_route=\/wp\/v2\/pages\/830\/revisions"}],"predecessor-version":[{"id":2179,"href":"https:\/\/reitundfahrvereinzauberwald.de\/index.php?rest_route=\/wp\/v2\/pages\/830\/revisions\/2179"}],"wp:attachment":[{"href":"https:\/\/reitundfahrvereinzauberwald.de\/index.php?rest_route=%2Fwp%2Fv2%2Fmedia&parent=830"}],"curies":[{"name":"wp","href":"https:\/\/api.w.org\/{rel}","templated":true}]}}