{"id":938,"date":"2022-06-24T17:25:53","date_gmt":"2022-06-24T15:25:53","guid":{"rendered":"http:\/\/reitundfahrvereinzauberwald.de\/?page_id=938"},"modified":"2026-01-03T12:05:12","modified_gmt":"2026-01-03T11:05:12","slug":"beitrittserklaerung","status":"publish","type":"page","link":"https:\/\/reitundfahrvereinzauberwald.de\/?page_id=938","title":{"rendered":"Beitrittserkl\u00e4rung"},"content":{"rendered":"\n<p>Sch\u00f6n, dass du dich f\u00fcr eine Mitgliedschaft beim Reit-und Fahrverein Zauberwald e.V. interessierst.<\/p>\n\n\n\n<p>Hier findest du nun die Beitrittserkl\u00e4rung:<\/p>\n\n\n\n<div class=\"wp-block-file\"><object class=\"wp-block-file__embed\" data=\"https:\/\/reitundfahrvereinzauberwald.de\/wp-content\/uploads\/2026\/01\/Aufnahmeantrag_2026_RuF-Zauberwald-eV-2.pdf\" type=\"application\/pdf\" style=\"width:100%;height:600px\" aria-label=\"Einbettung von Aufnahmeantrag_2026_RuF-Zauberwald-eV-2.\"><\/object><a href=\"https:\/\/reitundfahrvereinzauberwald.de\/wp-content\/uploads\/2026\/01\/Aufnahmeantrag_2026_RuF-Zauberwald-eV-2.pdf\">Aufnahmeantrag_2026_RuF-Zauberwald-eV-2<\/a><a href=\"https:\/\/reitundfahrvereinzauberwald.de\/wp-content\/uploads\/2026\/01\/Aufnahmeantrag_2026_RuF-Zauberwald-eV-2.pdf\" class=\"wp-block-file__button\" download>Herunterladen<\/a><\/div>\n\n\n\n<p>Viele Spa\u00df bei uns im Verein.<\/p>\n","protected":false},"excerpt":{"rendered":"<p>Sch\u00f6n, dass du dich f\u00fcr eine Mitgliedschaft beim Reit-und Fahrverein Zauberwald e.V. interessierst. Hier findest du nun die Beitrittserkl\u00e4rung: Viele Spa\u00df bei uns im Verein.<\/p>\n","protected":false},"author":5,"featured_media":0,"parent":0,"menu_order":0,"comment_status":"closed","ping_status":"closed","template":"","meta":[],"_links":{"self":[{"href":"https:\/\/reitundfahrvereinzauberwald.de\/index.php?rest_route=\/wp\/v2\/pages\/938"}],"collection":[{"href":"https:\/\/reitundfahrvereinzauberwald.de\/index.php?rest_route=\/wp\/v2\/pages"}],"about":[{"href":"https:\/\/reitundfahrvereinzauberwald.de\/index.php?rest_route=\/wp\/v2\/types\/page"}],"author":[{"embeddable":true,"href":"https:\/\/reitundfahrvereinzauberwald.de\/index.php?rest_route=\/wp\/v2\/users\/5"}],"replies":[{"embeddable":true,"href":"https:\/\/reitundfahrvereinzauberwald.de\/index.php?rest_route=%2Fwp%2Fv2%2Fcomments&post=938"}],"version-history":[{"count":7,"href":"https:\/\/reitundfahrvereinzauberwald.de\/index.php?rest_route=\/wp\/v2\/pages\/938\/revisions"}],"predecessor-version":[{"id":1992,"href":"https:\/\/reitundfahrvereinzauberwald.de\/index.php?rest_route=\/wp\/v2\/pages\/938\/revisions\/1992"}],"wp:attachment":[{"href":"https:\/\/reitundfahrvereinzauberwald.de\/index.php?rest_route=%2Fwp%2Fv2%2Fmedia&parent=938"}],"curies":[{"name":"wp","href":"https:\/\/api.w.org\/{rel}","templated":true}]}}